{"id":234,"date":"2023-11-16T01:16:27","date_gmt":"2023-11-16T01:16:27","guid":{"rendered":"https:\/\/longevityhealthplans.com\/?page_id=234"},"modified":"2026-04-08T18:12:50","modified_gmt":"2026-04-08T18:12:50","slug":"politica-de-privacidad-2","status":"publish","type":"page","link":"https:\/\/longevityhealthplans.com\/es\/privacy-policy-2\/","title":{"rendered":"Pol\u00edtica de Privacidad"},"content":{"rendered":"<div data-elementor-type=\"wp-page\" data-elementor-id=\"234\" class=\"elementor elementor-234\" data-elementor-post-type=\"page\">\n\t\t\t\t<div class=\"elementor-element elementor-element-ad3eae3 e-con-full e-flex e-con e-parent\" data-id=\"ad3eae3\" data-element_type=\"container\" data-e-type=\"container\">\n\t\t\t\t<div class=\"elementor-element elementor-element-81a9345 elementor-widget elementor-widget-heading\" data-id=\"81a9345\" data-element_type=\"widget\" data-e-type=\"widget\" data-widget_type=\"heading.default\">\n\t\t\t\t<div class=\"elementor-widget-container\">\n\t\t\t\t\t<h2 class=\"elementor-heading-title elementor-size-default\">Pol\u00edtica de Privacidad - Longevity Health Plans<\/h2>\t\t\t\t<\/div>\n\t\t\t\t<\/div>\n\t\t\t\t<div class=\"elementor-element elementor-element-124227c elementor-widget elementor-widget-text-editor\" data-id=\"124227c\" data-element_type=\"widget\" data-e-type=\"widget\" data-widget_type=\"text-editor.default\">\n\t\t\t\t<div class=\"elementor-widget-container\">\n\t\t\t\t\t\t\t\t\t<ol><li><strong> Introducci\u00f3n<\/strong><\/li><\/ol><p>Longevity Health Plans LLC (\u201cnosotros\u201d, \u201cnuestro\/a\u201d) est\u00e1 comprometida con la protecci\u00f3n de tu privacidad. Esta Pol\u00edtica de Privacidad explica c\u00f3mo recopilamos, usamos, divulgamos y protegemos tu informaci\u00f3n cuando visitas nuestro sitio web longevityhealthplans.com, utilizas nuestros servicios o interact\u00faas con nosotros. Al utilizar nuestros servicios, aceptas los t\u00e9rminos de esta Pol\u00edtica de Privacidad.<\/p><ol start=\"2\"><li><strong> Informaci\u00f3n que Recopilamos<\/strong><\/li><\/ol><p><strong>2.1 Informaci\u00f3n personal Podemos recopilar los siguientes tipos de informaci\u00f3n personal:<\/strong><\/p><ul><li><strong>Identificadores:<\/strong> Nombre, direcci\u00f3n de correo electr\u00f3nico, direcci\u00f3n postal, n\u00famero de tel\u00e9fono, direcci\u00f3n IP.<\/li><li><strong>Informaci\u00f3n Comercial: <\/strong>Registros de productos o servicios comprados, obtenidos o considerados.<\/li><li><strong>Actividad en Internet u Otra Red Electr\u00f3nica: <\/strong>Historial de navegaci\u00f3n, historial de b\u00fasquedas, informaci\u00f3n sobre tu interacci\u00f3n con nuestro sitio web, aplicaciones o anuncios.<\/li><li><strong>Datos de Geolocalizaci\u00f3n: <\/strong>Ubicaci\u00f3n f\u00edsica o movimientos.<\/li><li><strong>Informaci\u00f3n profesional o relacionada con el empleo: <\/strong>T\u00edtulo del puesto, empleador, historial laboral.<\/li><li><strong>Inferencia <\/strong>Preferencias, caracter\u00edsticas, comportamiento, actitudes, inteligencia, habilidades y aptitudes.<\/li><\/ul><p><strong>2.2 Informaci\u00f3n no personal Es posible que tambi\u00e9n recopilemos informaci\u00f3n no personal que no se pueda utilizar para identificarlo.<\/strong><\/p><ol start=\"3\"><li><strong> C\u00f3mo Recopilamos Informaci\u00f3n<\/strong><\/li><\/ol><p>Recopilamos informaci\u00f3n directamente de usted cuando usted:<\/p><ul><li>Crea una cuenta o realiza una compra.<\/li><li>Suscr\u00edbete a nuestro bolet\u00edn.<\/li><li>Contactar a atenci\u00f3n al cliente.<\/li><li>\u00a0<\/li><\/ul><p><strong>Tambi\u00e9n recopilamos informaci\u00f3n autom\u00e1ticamente a trav\u00e9s de:<\/strong><\/p><ul><li>Cookies y otras tecnolog\u00edas de rastreo.<\/li><li>Servicios de anal\u00edtica.<\/li><li>\u00a0<\/li><\/ul><ol start=\"4\"><li><strong> Uso de tu informaci\u00f3n<\/strong><\/li><\/ol><p><strong>Usamos tu informaci\u00f3n para fines tales como:<\/strong><\/p><ul><li>Proveer y mejorar nuestros servicios.<\/li><li>Procesando transacciones y enviando informaci\u00f3n relacionada.<\/li><li>Personalizando tu experiencia y ofreciendo contenido adaptado.<\/li><li>Comunicaci\u00f3n contigo, incluyendo responder a tus consultas y enviar actualizaciones.<\/li><li>Analizar los patrones de uso para mejorar nuestro sitio web y servicios.<\/li><li>\u00a0<\/li><\/ul><ol start=\"5\"><li><strong> Divulgaci\u00f3n de tu informaci\u00f3n<\/strong><\/li><\/ol><p><strong>Podr\u00edamos divulgar tu informaci\u00f3n personal a:<\/strong><\/p><ul><li><strong>Proveedores de servicios <\/strong>Terceros nos proporcionan servicios en nuestro nombre.<\/li><li><strong>Transferencias de negocios <\/strong>En relaci\u00f3n con una fusi\u00f3n, venta u otra transferencia de activos.<\/li><li><strong>Requisitos Legales <\/strong>Cuando la ley lo requiera o para proteger nuestros derechos.<\/li><\/ul><ol start=\"6\"><li><strong> Derechos de Privacidad de California<\/strong><\/li><\/ol><p><strong>6.1 Derechos bajo la CCPA y CPRA Si usted es residente de California, tiene los siguientes derechos:<\/strong><\/p><p><strong>Derecho a saber: <\/strong>Puede solicitar informaci\u00f3n sobre las categor\u00edas y piezas espec\u00edficas de informaci\u00f3n personal que hemos recopilado sobre usted.<\/p><p><strong>Derecho a eliminar <\/strong>Puedes solicitar la eliminaci\u00f3n de tu informaci\u00f3n personal, sujeta a ciertas excepciones.<\/p><p><strong>Derecho de exclusi\u00f3n voluntaria <\/strong>Puedes optar por no participar en la venta o el intercambio de tu informaci\u00f3n personal.<\/p><p><strong>Derecho a la correcci\u00f3n <\/strong>Puedes solicitar correcciones a tu informaci\u00f3n personal.<\/p><p><strong>Derecho a limitar el uso de informaci\u00f3n personal sensible: <\/strong>Puedes limitar el uso de tu informaci\u00f3n personal sensible.<\/p><p><strong>6.2 C\u00f3mo Ejercer Sus Derechos Para ejercer sus derechos, por favor cont\u00e1ctenos a:<\/strong><\/p><ul><li><strong>Correo electr\u00f3nico: info@longevityhealthplans.co<\/strong><\/li><li><strong>Tel\u00e9fono: (770) 609-4908<\/strong><\/li><li>\u00a0<\/li><\/ul><p><strong>Tambi\u00e9n puede enviar su solicitud a trav\u00e9s de nuestro formulario en l\u00ednea <a href=\"https:\/\/longevityhealthplans.com\/es\/lhp-contact\/\">Cont\u00e1ctanos.<\/a><\/strong><\/p><p><strong>6.3 Proceso de verificaci\u00f3n Podemos verificar tu identidad antes de procesar tu solicitud. Por favor, proporciona informaci\u00f3n suficiente que nos permita verificar que eres la persona sobre la cual recopilamos informaci\u00f3n personal.<\/strong><\/p><ol start=\"7\"><li><strong> Seguridad de datos<\/strong><\/li><\/ol><p>Implementamos medidas de seguridad razonables para proteger su informaci\u00f3n contra acceso no autorizado, divulgaci\u00f3n, alteraci\u00f3n o destrucci\u00f3n.<\/p><ol start=\"8\"><li><strong> Cambios a esta Pol\u00edtica de Privacidad<\/strong><\/li><\/ol><p>Es posible que actualicemos esta Pol\u00edtica de Privacidad de vez en cuando. Le notificaremos cualquier cambio publicando la nueva Pol\u00edtica de Privacidad en nuestro sitio web y actualizando la fecha de vigencia.<\/p><ol start=\"9\"><li><strong> Cont\u00e1ctanos<\/strong><\/li><\/ol><p>Si tiene alguna pregunta sobre esta Pol\u00edtica de Privacidad, cont\u00e1ctenos en:<\/p><ul><li><strong>Correo electr\u00f3nico: info@longevityhealthplans.co<\/strong><\/li><li><strong>Tel\u00e9fono: (770) 609-4908<\/strong><\/li><\/ul>\t\t\t\t\t\t\t\t<\/div>\n\t\t\t\t<\/div>\n\t\t\t\t<div class=\"elementor-element elementor-element-da7ee5b elementor-widget elementor-widget-text-editor\" data-id=\"da7ee5b\" data-element_type=\"widget\" data-e-type=\"widget\" data-widget_type=\"text-editor.default\">\n\t\t\t\t<div class=\"elementor-widget-container\">\n\t\t\t\t\t\t\t\t\t<h3>Consentimiento de SMS y Comunicaci\u00f3n<\/h3><p>Al proporcionar tu n\u00famero de tel\u00e9fono, das tu consentimiento para recibir mensajes de texto (SMS) y llamadas telef\u00f3nicas de Longevity Health Plans, incluyendo comunicaciones automatizadas y asistidas por IA, sobre servicios, actualizaciones de cuenta y seguimientos.<\/p><p>La frecuencia de los mensajes puede variar. Pueden aplicarse tarifas de mensajes y datos. Puedes cancelar la suscripci\u00f3n en cualquier momento respondiendo STOP. Para asistencia, responde HELP.<\/p><p>No compartimos, vendemos ni distribuimos tu n\u00famero de tel\u00e9fono ni tu informaci\u00f3n personal a terceros con fines de marketing.<\/p>\t\t\t\t\t\t\t\t<\/div>\n\t\t\t\t<\/div>\n\t\t\t\t<\/div>\n\t\t<div class=\"elementor-element elementor-element-6fb29b7 e-flex e-con-boxed e-con e-parent\" data-id=\"6fb29b7\" data-element_type=\"container\" data-e-type=\"container\">\n\t\t\t\t\t<div class=\"e-con-inner\">\n\t\t\t\t<div class=\"elementor-element elementor-element-ef14031 elementor-widget elementor-widget-spacer\" data-id=\"ef14031\" data-element_type=\"widget\" data-e-type=\"widget\" data-widget_type=\"spacer.default\">\n\t\t\t\t<div class=\"elementor-widget-container\">\n\t\t\t\t\t\t\t<div class=\"elementor-spacer\">\n\t\t\t<div class=\"elementor-spacer-inner\"><\/div>\n\t\t<\/div>\n\t\t\t\t\t\t<\/div>\n\t\t\t\t<\/div>\n\t\t\t\t\t<\/div>\n\t\t\t\t<\/div>\n\t\t\t\t<\/div>","protected":false},"excerpt":{"rendered":"<p>Privacy Policy &#8211; Longevity Health Plans Introduction Longevity Health Plans LLC (&#8220;we,&#8221; &#8220;our,&#8221; &#8220;us&#8221;) is committed to protecting your privacy. This Privacy Policy explains how we collect, use, disclose, and safeguard your information when you visit our website longevityhealthplans.com, use our services, or interact with us. By using our services, you agree to the terms [&hellip;]<\/p>\n","protected":false},"author":1,"featured_media":0,"parent":0,"menu_order":0,"comment_status":"closed","ping_status":"closed","template":"","meta":{"_acf_changed":false,"pmpro_default_level":"","footnotes":""},"class_list":["post-234","page","type-page","status-publish","hentry","pmpro-has-access"],"acf":[],"yoast_head":"<!-- This site is optimized with the Yoast SEO plugin v27.3 - https:\/\/yoast.com\/product\/yoast-seo-wordpress\/ -->\n<title>Privacy Policy - Longevity Health Plans<\/title>\n<meta name=\"robots\" content=\"index, follow, max-snippet:-1, max-image-preview:large, max-video-preview:-1\" \/>\n<link rel=\"canonical\" href=\"https:\/\/longevityhealthplans.com\/es\/politica-de-privacidad-2\/\" \/>\n<meta property=\"og:locale\" content=\"es_MX\" \/>\n<meta property=\"og:type\" content=\"article\" \/>\n<meta property=\"og:title\" content=\"Privacy Policy - Longevity Health Plans\" \/>\n<meta property=\"og:description\" content=\"Privacy Policy &#8211; Longevity Health Plans Introduction Longevity Health Plans LLC (&#8220;we,&#8221; &#8220;our,&#8221; &#8220;us&#8221;) is committed to protecting your privacy. This Privacy Policy explains how we collect, use, disclose, and safeguard your information when you visit our website longevityhealthplans.com, use our services, or interact with us. By using our services, you agree to the terms [&hellip;]\" \/>\n<meta property=\"og:url\" content=\"https:\/\/longevityhealthplans.com\/es\/politica-de-privacidad-2\/\" \/>\n<meta property=\"og:site_name\" content=\"Longevity Health Plans\" \/>\n<meta property=\"article:modified_time\" content=\"2026-04-08T18:12:50+00:00\" \/>\n<meta name=\"twitter:card\" content=\"summary_large_image\" \/>\n<meta name=\"twitter:label1\" content=\"Tiempo de lectura\" \/>\n\t<meta name=\"twitter:data1\" content=\"3 minutos\" \/>\n<script type=\"application\/ld+json\" class=\"yoast-schema-graph\">{\"@context\":\"https:\\\/\\\/schema.org\",\"@graph\":[{\"@type\":\"WebPage\",\"@id\":\"https:\\\/\\\/longevityhealthplans.com\\\/privacy-policy-2\\\/\",\"url\":\"https:\\\/\\\/longevityhealthplans.com\\\/privacy-policy-2\\\/\",\"name\":\"Privacy Policy - Longevity Health Plans\",\"isPartOf\":{\"@id\":\"https:\\\/\\\/longevityhealthplans.com\\\/#website\"},\"datePublished\":\"2023-11-16T01:16:27+00:00\",\"dateModified\":\"2026-04-08T18:12:50+00:00\",\"breadcrumb\":{\"@id\":\"https:\\\/\\\/longevityhealthplans.com\\\/privacy-policy-2\\\/#breadcrumb\"},\"inLanguage\":\"es\",\"potentialAction\":[{\"@type\":\"ReadAction\",\"target\":[\"https:\\\/\\\/longevityhealthplans.com\\\/privacy-policy-2\\\/\"]}]},{\"@type\":\"BreadcrumbList\",\"@id\":\"https:\\\/\\\/longevityhealthplans.com\\\/privacy-policy-2\\\/#breadcrumb\",\"itemListElement\":[{\"@type\":\"ListItem\",\"position\":1,\"name\":\"Home\",\"item\":\"https:\\\/\\\/longevityhealthplans.com\\\/\"},{\"@type\":\"ListItem\",\"position\":2,\"name\":\"Privacy Policy\"}]},{\"@type\":\"WebSite\",\"@id\":\"https:\\\/\\\/longevityhealthplans.com\\\/#website\",\"url\":\"https:\\\/\\\/longevityhealthplans.com\\\/\",\"name\":\"Longevity Health Plans\",\"description\":\"Longevity Healthcare: Empowering Your Journey to Optimal Wellness\",\"potentialAction\":[{\"@type\":\"SearchAction\",\"target\":{\"@type\":\"EntryPoint\",\"urlTemplate\":\"https:\\\/\\\/longevityhealthplans.com\\\/?s={search_term_string}\"},\"query-input\":{\"@type\":\"PropertyValueSpecification\",\"valueRequired\":true,\"valueName\":\"search_term_string\"}}],\"inLanguage\":\"es\"}]}<\/script>\n<!-- \/ Yoast SEO plugin. -->","yoast_head_json":{"title":"Pol\u00edtica de Privacidad - Longevity Health Plans","robots":{"index":"index","follow":"follow","max-snippet":"max-snippet:-1","max-image-preview":"max-image-preview:large","max-video-preview":"max-video-preview:-1"},"canonical":"https:\/\/longevityhealthplans.com\/es\/politica-de-privacidad-2\/","og_locale":"es_MX","og_type":"article","og_title":"Privacy Policy - Longevity Health Plans","og_description":"Privacy Policy &#8211; Longevity Health Plans Introduction Longevity Health Plans LLC (&#8220;we,&#8221; &#8220;our,&#8221; &#8220;us&#8221;) is committed to protecting your privacy. This Privacy Policy explains how we collect, use, disclose, and safeguard your information when you visit our website longevityhealthplans.com, use our services, or interact with us. By using our services, you agree to the terms [&hellip;]","og_url":"https:\/\/longevityhealthplans.com\/es\/politica-de-privacidad-2\/","og_site_name":"Longevity Health Plans","article_modified_time":"2026-04-08T18:12:50+00:00","twitter_card":"summary_large_image","twitter_misc":{"Tiempo de lectura":"3 minutos"},"schema":{"@context":"https:\/\/schema.org","@graph":[{"@type":"WebPage","@id":"https:\/\/longevityhealthplans.com\/privacy-policy-2\/","url":"https:\/\/longevityhealthplans.com\/privacy-policy-2\/","name":"Pol\u00edtica de Privacidad - Longevity Health Plans","isPartOf":{"@id":"https:\/\/longevityhealthplans.com\/#website"},"datePublished":"2023-11-16T01:16:27+00:00","dateModified":"2026-04-08T18:12:50+00:00","breadcrumb":{"@id":"https:\/\/longevityhealthplans.com\/privacy-policy-2\/#breadcrumb"},"inLanguage":"es","potentialAction":[{"@type":"ReadAction","target":["https:\/\/longevityhealthplans.com\/privacy-policy-2\/"]}]},{"@type":"BreadcrumbList","@id":"https:\/\/longevityhealthplans.com\/privacy-policy-2\/#breadcrumb","itemListElement":[{"@type":"ListItem","position":1,"name":"Home","item":"https:\/\/longevityhealthplans.com\/"},{"@type":"ListItem","position":2,"name":"Privacy Policy"}]},{"@type":"WebSite","@id":"https:\/\/longevityhealthplans.com\/#website","url":"https:\/\/longevityhealthplans.com\/","name":"Longevity Health Plans","description":"Longevity Healthcare: Potenciando tu viaje hacia el bienestar \u00f3ptimo","potentialAction":[{"@type":"SearchAction","target":{"@type":"EntryPoint","urlTemplate":"https:\/\/longevityhealthplans.com\/?s={search_term_string}"},"query-input":{"@type":"PropertyValueSpecification","valueRequired":true,"valueName":"search_term_string"}}],"inLanguage":"es"}]}},"_links":{"self":[{"href":"https:\/\/longevityhealthplans.com\/es\/wp-json\/wp\/v2\/pages\/234","targetHints":{"allow":["GET"]}}],"collection":[{"href":"https:\/\/longevityhealthplans.com\/es\/wp-json\/wp\/v2\/pages"}],"about":[{"href":"https:\/\/longevityhealthplans.com\/es\/wp-json\/wp\/v2\/types\/page"}],"author":[{"embeddable":true,"href":"https:\/\/longevityhealthplans.com\/es\/wp-json\/wp\/v2\/users\/1"}],"replies":[{"embeddable":true,"href":"https:\/\/longevityhealthplans.com\/es\/wp-json\/wp\/v2\/comments?post=234"}],"version-history":[{"count":134,"href":"https:\/\/longevityhealthplans.com\/es\/wp-json\/wp\/v2\/pages\/234\/revisions"}],"predecessor-version":[{"id":23931,"href":"https:\/\/longevityhealthplans.com\/es\/wp-json\/wp\/v2\/pages\/234\/revisions\/23931"}],"wp:attachment":[{"href":"https:\/\/longevityhealthplans.com\/es\/wp-json\/wp\/v2\/media?parent=234"}],"curies":[{"name":"wp","href":"https:\/\/api.w.org\/{rel}","templated":true}]}}