{"id":22440,"date":"2026-03-25T21:51:29","date_gmt":"2026-03-25T21:51:29","guid":{"rendered":"https:\/\/longevityhealthplans.com\/?page_id=22440"},"modified":"2026-03-27T18:48:42","modified_gmt":"2026-03-27T18:48:42","slug":"panel-de-mexico","status":"publish","type":"page","link":"https:\/\/longevityhealthplans.com\/es\/mexico-dashboard\/","title":{"rendered":"Panel de M\u00e9xico"},"content":{"rendered":"<div class=\"pmpro\"><div class=\"pmpro_card pmpro_content_message\"><h2 class=\"pmpro_card_title pmpro_font-large\"><svg xmlns=\"http:\/\/www.w3.org\/2000\/svg\" width=\"24\" height=\"24\" viewbox=\"0 0 24 24\" fill=\"none\" stroke=\"var(--pmpro--color--accent)\" stroke-width=\"2\" stroke-linecap=\"round\" stroke-linejoin=\"round\" class=\"feather feather-lock\"><rect x=\"3\" y=\"11\" width=\"18\" height=\"11\" rx=\"2\" ry=\"2\"><\/rect><path d=\"M7 11V7a5 5 0 0 1 10 0v4\"><\/path><\/svg>M\u00e9xico Aprob\u00f3 Membres\u00eda Requerida<\/h2><div class=\"pmpro_card_content\"><p> Debes ser un miembro aprobado por M\u00e9xico para acceder a este contenido.<\/p><p><a class=\"pmpro_btn\" href=\"https:\/\/longevityhealthplans.com\/es\/membership-account\/membership-checkout\/?pmpro_level=3\">\u00danete ahora<\/a><\/p><\/div><div class=\"pmpro_card_actions pmpro_font-medium\">\u00bfYa eres miembro? <a href=\"https:\/\/longevityhealthplans.com\/es\/login\/?redirect_to=https%3A%2F%2Flongevityhealthplans.com%2Fes%2Fmexico-dashboard%2F\">Inicia sesi\u00f3n aqu\u00ed<\/a><\/div><\/div><\/div>","protected":false},"excerpt":{"rendered":"<div class=\"pmpro\"><div class=\"pmpro_card pmpro_content_message\"><h2 class=\"pmpro_card_title pmpro_font-large\"><svg xmlns=\"http:\/\/www.w3.org\/2000\/svg\" width=\"24\" height=\"24\" viewbox=\"0 0 24 24\" fill=\"none\" stroke=\"var(--pmpro--color--accent)\" stroke-width=\"2\" stroke-linecap=\"round\" stroke-linejoin=\"round\" class=\"feather feather-lock\"><rect x=\"3\" y=\"11\" width=\"18\" height=\"11\" rx=\"2\" ry=\"2\"><\/rect><path d=\"M7 11V7a5 5 0 0 1 10 0v4\"><\/path><\/svg>M\u00e9xico Aprob\u00f3 Membres\u00eda Requerida<\/h2><div class=\"pmpro_card_content\"><p> Debes ser un miembro aprobado por M\u00e9xico para acceder a este contenido.<\/p><p><a class=\"pmpro_btn\" href=\"https:\/\/longevityhealthplans.com\/es\/membership-account\/membership-checkout\/?pmpro_level=3\">\u00danete ahora<\/a><\/p><\/div><div class=\"pmpro_card_actions pmpro_font-medium\">\u00bfYa eres miembro? <a href=\"https:\/\/longevityhealthplans.com\/es\/login\/?redirect_to=https%3A%2F%2Flongevityhealthplans.com%2Fes%2Fmexico-dashboard%2F\">Inicia sesi\u00f3n aqu\u00ed<\/a><\/div><\/div><\/div>","protected":false},"author":607,"featured_media":0,"parent":0,"menu_order":0,"comment_status":"closed","ping_status":"closed","template":"","meta":{"_acf_changed":false,"pmpro_default_level":"","footnotes":""},"class_list":["post-22440","page","type-page","status-publish","hentry","pmpro-level-required","pmpro-level-3","pmpro-no-access"],"acf":[],"yoast_head":"<!-- This site is optimized with the Yoast SEO plugin v27.5 - https:\/\/yoast.com\/product\/yoast-seo-wordpress\/ -->\n<title>Mexico Dashboard - Longevity Health Plans<\/title>\n<meta name=\"robots\" content=\"index, follow, max-snippet:-1, max-image-preview:large, max-video-preview:-1\" \/>\n<link rel=\"canonical\" href=\"https:\/\/longevityhealthplans.com\/es\/panel-de-mexico\/\" \/>\n<meta property=\"og:locale\" content=\"es_MX\" \/>\n<meta property=\"og:type\" content=\"article\" \/>\n<meta property=\"og:title\" content=\"Mexico Dashboard - Longevity Health Plans\" \/>\n<meta property=\"og:description\" content=\"Mexico Approved Membership Required You must be a Mexico Approved member to access this content.\u00danete ahoraAlready a member? Log in here\" \/>\n<meta property=\"og:url\" content=\"https:\/\/longevityhealthplans.com\/es\/panel-de-mexico\/\" \/>\n<meta property=\"og:site_name\" content=\"Longevity Health Plans\" \/>\n<meta property=\"article:modified_time\" content=\"2026-03-27T18:48:42+00:00\" \/>\n<meta property=\"og:image\" content=\"https:\/\/longevityhealthplans.com\/wp-content\/uploads\/2024\/03\/LHS-e1774317038995.png\" \/>\n<meta name=\"twitter:card\" content=\"summary_large_image\" \/>\n<meta name=\"twitter:label1\" content=\"Tiempo de lectura\" \/>\n\t<meta name=\"twitter:data1\" content=\"2 minutos\" \/>\n<script type=\"application\/ld+json\" class=\"yoast-schema-graph\">{\"@context\":\"https:\\\/\\\/schema.org\",\"@graph\":[{\"@type\":\"WebPage\",\"@id\":\"https:\\\/\\\/longevityhealthplans.com\\\/mexico-dashboard\\\/\",\"url\":\"https:\\\/\\\/longevityhealthplans.com\\\/mexico-dashboard\\\/\",\"name\":\"Mexico Dashboard - Longevity Health Plans\",\"isPartOf\":{\"@id\":\"https:\\\/\\\/longevityhealthplans.com\\\/#website\"},\"primaryImageOfPage\":{\"@id\":\"https:\\\/\\\/longevityhealthplans.com\\\/mexico-dashboard\\\/#primaryimage\"},\"image\":{\"@id\":\"https:\\\/\\\/longevityhealthplans.com\\\/mexico-dashboard\\\/#primaryimage\"},\"thumbnailUrl\":\"https:\\\/\\\/longevityhealthplans.com\\\/wp-content\\\/uploads\\\/2024\\\/03\\\/LHS-e1774317038995.png\",\"datePublished\":\"2026-03-25T21:51:29+00:00\",\"dateModified\":\"2026-03-27T18:48:42+00:00\",\"breadcrumb\":{\"@id\":\"https:\\\/\\\/longevityhealthplans.com\\\/mexico-dashboard\\\/#breadcrumb\"},\"inLanguage\":\"es\",\"potentialAction\":[{\"@type\":\"ReadAction\",\"target\":[\"https:\\\/\\\/longevityhealthplans.com\\\/mexico-dashboard\\\/\"]}]},{\"@type\":\"ImageObject\",\"inLanguage\":\"es\",\"@id\":\"https:\\\/\\\/longevityhealthplans.com\\\/mexico-dashboard\\\/#primaryimage\",\"url\":\"https:\\\/\\\/longevityhealthplans.com\\\/wp-content\\\/uploads\\\/2024\\\/03\\\/LHS-e1774317038995.png\",\"contentUrl\":\"https:\\\/\\\/longevityhealthplans.com\\\/wp-content\\\/uploads\\\/2024\\\/03\\\/LHS-e1774317038995.png\"},{\"@type\":\"BreadcrumbList\",\"@id\":\"https:\\\/\\\/longevityhealthplans.com\\\/mexico-dashboard\\\/#breadcrumb\",\"itemListElement\":[{\"@type\":\"ListItem\",\"position\":1,\"name\":\"Home\",\"item\":\"https:\\\/\\\/longevityhealthplans.com\\\/\"},{\"@type\":\"ListItem\",\"position\":2,\"name\":\"Mexico Dashboard\"}]},{\"@type\":\"WebSite\",\"@id\":\"https:\\\/\\\/longevityhealthplans.com\\\/#website\",\"url\":\"https:\\\/\\\/longevityhealthplans.com\\\/\",\"name\":\"Longevity Health Plans\",\"description\":\"Longevity Healthcare: Empowering Your Journey to Optimal Wellness\",\"potentialAction\":[{\"@type\":\"SearchAction\",\"target\":{\"@type\":\"EntryPoint\",\"urlTemplate\":\"https:\\\/\\\/longevityhealthplans.com\\\/?s={search_term_string}\"},\"query-input\":{\"@type\":\"PropertyValueSpecification\",\"valueRequired\":true,\"valueName\":\"search_term_string\"}}],\"inLanguage\":\"es\"}]}<\/script>\n<!-- \/ Yoast SEO plugin. -->","yoast_head_json":{"title":"Panel de M\u00e9xico - Planes de Salud Longevity","robots":{"index":"index","follow":"follow","max-snippet":"max-snippet:-1","max-image-preview":"max-image-preview:large","max-video-preview":"max-video-preview:-1"},"canonical":"https:\/\/longevityhealthplans.com\/es\/panel-de-mexico\/","og_locale":"es_MX","og_type":"article","og_title":"Mexico Dashboard - Longevity Health Plans","og_description":"Mexico Approved Membership Required You must be a Mexico Approved member to access this content.\u00danete ahoraAlready a member? Log in here","og_url":"https:\/\/longevityhealthplans.com\/es\/panel-de-mexico\/","og_site_name":"Longevity Health Plans","article_modified_time":"2026-03-27T18:48:42+00:00","og_image":[{"url":"https:\/\/longevityhealthplans.com\/wp-content\/uploads\/2024\/03\/LHS-e1774317038995.png","type":"","width":"","height":""}],"twitter_card":"summary_large_image","twitter_misc":{"Tiempo de lectura":"2 minutos"},"schema":{"@context":"https:\/\/schema.org","@graph":[{"@type":"WebPage","@id":"https:\/\/longevityhealthplans.com\/mexico-dashboard\/","url":"https:\/\/longevityhealthplans.com\/mexico-dashboard\/","name":"Panel de M\u00e9xico - Planes de Salud Longevity","isPartOf":{"@id":"https:\/\/longevityhealthplans.com\/#website"},"primaryImageOfPage":{"@id":"https:\/\/longevityhealthplans.com\/mexico-dashboard\/#primaryimage"},"image":{"@id":"https:\/\/longevityhealthplans.com\/mexico-dashboard\/#primaryimage"},"thumbnailUrl":"https:\/\/longevityhealthplans.com\/wp-content\/uploads\/2024\/03\/LHS-e1774317038995.png","datePublished":"2026-03-25T21:51:29+00:00","dateModified":"2026-03-27T18:48:42+00:00","breadcrumb":{"@id":"https:\/\/longevityhealthplans.com\/mexico-dashboard\/#breadcrumb"},"inLanguage":"es","potentialAction":[{"@type":"ReadAction","target":["https:\/\/longevityhealthplans.com\/mexico-dashboard\/"]}]},{"@type":"ImageObject","inLanguage":"es","@id":"https:\/\/longevityhealthplans.com\/mexico-dashboard\/#primaryimage","url":"https:\/\/longevityhealthplans.com\/wp-content\/uploads\/2024\/03\/LHS-e1774317038995.png","contentUrl":"https:\/\/longevityhealthplans.com\/wp-content\/uploads\/2024\/03\/LHS-e1774317038995.png"},{"@type":"BreadcrumbList","@id":"https:\/\/longevityhealthplans.com\/mexico-dashboard\/#breadcrumb","itemListElement":[{"@type":"ListItem","position":1,"name":"Home","item":"https:\/\/longevityhealthplans.com\/"},{"@type":"ListItem","position":2,"name":"Mexico Dashboard"}]},{"@type":"WebSite","@id":"https:\/\/longevityhealthplans.com\/#website","url":"https:\/\/longevityhealthplans.com\/","name":"Longevity Health Plans","description":"Longevity Healthcare: Potenciando tu viaje hacia el bienestar \u00f3ptimo","potentialAction":[{"@type":"SearchAction","target":{"@type":"EntryPoint","urlTemplate":"https:\/\/longevityhealthplans.com\/?s={search_term_string}"},"query-input":{"@type":"PropertyValueSpecification","valueRequired":true,"valueName":"search_term_string"}}],"inLanguage":"es"}]}},"_links":{"self":[{"href":"https:\/\/longevityhealthplans.com\/es\/wp-json\/wp\/v2\/pages\/22440","targetHints":{"allow":["GET"]}}],"collection":[{"href":"https:\/\/longevityhealthplans.com\/es\/wp-json\/wp\/v2\/pages"}],"about":[{"href":"https:\/\/longevityhealthplans.com\/es\/wp-json\/wp\/v2\/types\/page"}],"author":[{"embeddable":true,"href":"https:\/\/longevityhealthplans.com\/es\/wp-json\/wp\/v2\/users\/607"}],"replies":[{"embeddable":true,"href":"https:\/\/longevityhealthplans.com\/es\/wp-json\/wp\/v2\/comments?post=22440"}],"version-history":[{"count":16,"href":"https:\/\/longevityhealthplans.com\/es\/wp-json\/wp\/v2\/pages\/22440\/revisions"}],"predecessor-version":[{"id":23006,"href":"https:\/\/longevityhealthplans.com\/es\/wp-json\/wp\/v2\/pages\/22440\/revisions\/23006"}],"wp:attachment":[{"href":"https:\/\/longevityhealthplans.com\/es\/wp-json\/wp\/v2\/media?parent=22440"}],"curies":[{"name":"wp","href":"https:\/\/api.w.org\/{rel}","templated":true}]}}