{"id":20365,"date":"2026-03-23T18:19:25","date_gmt":"2026-03-23T18:19:25","guid":{"rendered":"https:\/\/longevityhealthplans.com\/?page_id=20365"},"modified":"2026-03-23T22:49:00","modified_gmt":"2026-03-23T22:49:00","slug":"probando","status":"publish","type":"page","link":"https:\/\/longevityhealthplans.com\/es\/testing\/","title":{"rendered":"probando"},"content":{"rendered":"<div data-elementor-type=\"wp-page\" data-elementor-id=\"20365\" class=\"elementor elementor-20365\" data-elementor-post-type=\"page\">\n\t\t\t\t<div class=\"elementor-element elementor-element-e367d13 e-flex e-con-boxed e-con e-parent\" data-id=\"e367d13\" data-element_type=\"container\" data-e-type=\"container\">\n\t\t\t\t\t<div class=\"e-con-inner\">\n\t\t\t\t<div class=\"elementor-element elementor-element-9729c44 elementor-widget elementor-widget-spacer\" data-id=\"9729c44\" data-element_type=\"widget\" data-e-type=\"widget\" data-widget_type=\"spacer.default\">\n\t\t\t\t<div class=\"elementor-widget-container\">\n\t\t\t\t\t\t\t<div class=\"elementor-spacer\">\n\t\t\t<div class=\"elementor-spacer-inner\"><\/div>\n\t\t<\/div>\n\t\t\t\t\t\t<\/div>\n\t\t\t\t<\/div>\n\t\t\t\t\t<\/div>\n\t\t\t\t<\/div>\n\t\t<div class=\"elementor-element elementor-element-e194821 e-flex e-con-boxed e-con e-parent\" data-id=\"e194821\" data-element_type=\"container\" data-e-type=\"container\">\n\t\t\t\t\t<div class=\"e-con-inner\">\n\t\t<div class=\"elementor-element elementor-element-9063331 e-con-full e-flex e-con e-child\" data-id=\"9063331\" data-element_type=\"container\" data-e-type=\"container\" data-settings=\"{&quot;background_background&quot;:&quot;classic&quot;}\">\n\t\t<div class=\"elementor-element elementor-element-f8caddd e-con-full provider-left e-flex e-con e-child\" data-id=\"f8caddd\" data-element_type=\"container\" data-e-type=\"container\">\n\t\t\t\t<div class=\"elementor-element elementor-element-6db0e41 provider-badge elementor-widget elementor-widget-heading\" data-id=\"6db0e41\" data-element_type=\"widget\" data-e-type=\"widget\" data-widget_type=\"heading.default\">\n\t\t\t\t<div class=\"elementor-widget-container\">\n\t\t\t\t\t<h2 class=\"elementor-heading-title elementor-size-default\">PROTOCOLO_AUTENTICACION_BETA<\/h2>\t\t\t\t<\/div>\n\t\t\t\t<\/div>\n\t\t\t\t<div class=\"elementor-element elementor-element-018d372 provider-title elementor-widget elementor-widget-heading\" data-id=\"018d372\" data-element_type=\"widget\" data-e-type=\"widget\" data-widget_type=\"heading.default\">\n\t\t\t\t<div class=\"elementor-widget-container\">\n\t\t\t\t\t<h2 class=\"elementor-heading-title elementor-size-default\">HECHO PARA\nEL PROVEEDOR\nMODERNO<\/h2>\t\t\t\t<\/div>\n\t\t\t\t<\/div>\n\t\t\t\t<div class=\"elementor-element elementor-element-a53ae9d provider-desc elementor-widget elementor-widget-text-editor\" data-id=\"a53ae9d\" data-element_type=\"widget\" data-e-type=\"widget\" data-widget_type=\"text-editor.default\">\n\t\t\t\t<div class=\"elementor-widget-container\">\n\t\t\t\t\t\t\t\t\t<p>Nuestra red de proveedores es un ecosistema curado y de alta seguridad. Los m\u00e9dicos aprobados obtienen acceso privilegiado a los formularios 503B y a canales directos de datos cl\u00ednicos.<\/p>\t\t\t\t\t\t\t\t<\/div>\n\t\t\t\t<\/div>\n\t\t<div class=\"elementor-element elementor-element-c9a62a5 e-con-full e-flex e-con e-child\" data-id=\"c9a62a5\" data-element_type=\"container\" data-e-type=\"container\">\n\t\t\t\t<div class=\"elementor-element elementor-element-e327ff8 elementor-tablet-align-left elementor-align-left elementor-widget elementor-widget-button\" data-id=\"e327ff8\" data-element_type=\"widget\" data-e-type=\"widget\" data-widget_type=\"button.default\">\n\t\t\t\t<div class=\"elementor-widget-container\">\n\t\t\t\t\t\t\t\t\t<div class=\"elementor-button-wrapper\">\n\t\t\t\t\t<a class=\"elementor-button elementor-button-link elementor-size-sm elementor-animation-bounce-in\" href=\"#\">\n\t\t\t\t\t\t<span class=\"elementor-button-content-wrapper\">\n\t\t\t\t\t\t\t\t\t<span class=\"elementor-button-text\">INICIAR_PROTOCOLO_APLICACION<\/span>\n\t\t\t\t\t<\/span>\n\t\t\t\t\t<\/a>\n\t\t\t\t<\/div>\n\t\t\t\t\t\t\t\t<\/div>\n\t\t\t\t<\/div>\n\t\t\t\t<\/div>\n\t\t\t\t<\/div>\n\t\t<div class=\"elementor-element elementor-element-d713557 e-con-full provider-right e-flex e-con e-child\" data-id=\"d713557\" data-element_type=\"container\" data-e-type=\"container\">\n\t\t<div class=\"elementor-element elementor-element-a4b1ad1 e-con-full timeline-row e-flex e-con e-child\" data-id=\"a4b1ad1\" data-element_type=\"container\" data-e-type=\"container\">\n\t\t<div class=\"elementor-element elementor-element-c680bde e-con-full step-box e-flex e-con e-child\" data-id=\"c680bde\" data-element_type=\"container\" data-e-type=\"container\">\n\t\t\t\t<div class=\"elementor-element elementor-element-4f6bffd elementor-widget elementor-widget-heading\" data-id=\"4f6bffd\" data-element_type=\"widget\" data-e-type=\"widget\" data-widget_type=\"heading.default\">\n\t\t\t\t<div class=\"elementor-widget-container\">\n\t\t\t\t\t<h2 class=\"elementor-heading-title elementor-size-default\">01<\/h2>\t\t\t\t<\/div>\n\t\t\t\t<\/div>\n\t\t\t\t<\/div>\n\t\t<div class=\"elementor-element elementor-element-510afda e-con-full step-line e-flex e-con e-child\" data-id=\"510afda\" data-element_type=\"container\" data-e-type=\"container\">\n\t\t\t\t<\/div>\n\t\t\t\t<div class=\"elementor-element elementor-element-68385f7 step-label elementor-widget elementor-widget-heading\" data-id=\"68385f7\" data-element_type=\"widget\" data-e-type=\"widget\" data-widget_type=\"heading.default\">\n\t\t\t\t<div class=\"elementor-widget-container\">\n\t\t\t\t\t<h2 class=\"elementor-heading-title elementor-size-default\">REGISTRO<\/h2>\t\t\t\t<\/div>\n\t\t\t\t<\/div>\n\t\t\t\t<\/div>\n\t\t<div class=\"elementor-element elementor-element-9d36111 e-con-full timeline-row e-flex e-con e-child\" data-id=\"9d36111\" data-element_type=\"container\" data-e-type=\"container\">\n\t\t<div class=\"elementor-element elementor-element-62a86c1 e-con-full step-box e-flex e-con e-child\" data-id=\"62a86c1\" data-element_type=\"container\" data-e-type=\"container\">\n\t\t\t\t<div class=\"elementor-element elementor-element-2e2b0e9 elementor-widget elementor-widget-heading\" data-id=\"2e2b0e9\" data-element_type=\"widget\" data-e-type=\"widget\" data-widget_type=\"heading.default\">\n\t\t\t\t<div class=\"elementor-widget-container\">\n\t\t\t\t\t<h2 class=\"elementor-heading-title elementor-size-default\">02<\/h2>\t\t\t\t<\/div>\n\t\t\t\t<\/div>\n\t\t\t\t<\/div>\n\t\t<div class=\"elementor-element elementor-element-4d74570 e-con-full step-line e-flex e-con e-child\" data-id=\"4d74570\" data-element_type=\"container\" data-e-type=\"container\">\n\t\t\t\t<\/div>\n\t\t\t\t<div class=\"elementor-element elementor-element-6928329 step-label elementor-widget elementor-widget-heading\" data-id=\"6928329\" data-element_type=\"widget\" data-e-type=\"widget\" data-widget_type=\"heading.default\">\n\t\t\t\t<div class=\"elementor-widget-container\">\n\t\t\t\t\t<h2 class=\"elementor-heading-title elementor-size-default\">CREDENTIAL_AUDIT<\/h2>\t\t\t\t<\/div>\n\t\t\t\t<\/div>\n\t\t\t\t<\/div>\n\t\t<div class=\"elementor-element elementor-element-c25ee75 e-con-full timeline-row e-flex e-con e-child\" data-id=\"c25ee75\" data-element_type=\"container\" data-e-type=\"container\">\n\t\t<div class=\"elementor-element elementor-element-0e23d2e e-con-full step-box active-step e-flex e-con e-child\" data-id=\"0e23d2e\" data-element_type=\"container\" data-e-type=\"container\">\n\t\t\t\t<div class=\"elementor-element elementor-element-6d27c5b elementor-widget elementor-widget-heading\" data-id=\"6d27c5b\" data-element_type=\"widget\" data-e-type=\"widget\" data-widget_type=\"heading.default\">\n\t\t\t\t<div class=\"elementor-widget-container\">\n\t\t\t\t\t<h2 class=\"elementor-heading-title elementor-size-default\">03<\/h2>\t\t\t\t<\/div>\n\t\t\t\t<\/div>\n\t\t\t\t<\/div>\n\t\t<div class=\"elementor-element elementor-element-d1851ee e-con-full step-line active-line e-flex e-con e-child\" data-id=\"d1851ee\" data-element_type=\"container\" data-e-type=\"container\">\n\t\t\t\t<\/div>\n\t\t\t\t<div class=\"elementor-element elementor-element-fcaf9f1 step-label active-label elementor-widget elementor-widget-heading\" data-id=\"fcaf9f1\" data-element_type=\"widget\" data-e-type=\"widget\" data-widget_type=\"heading.default\">\n\t\t\t\t<div class=\"elementor-widget-container\">\n\t\t\t\t\t<h2 class=\"elementor-heading-title elementor-size-default\">PROVISI\u00d3N_COMPLETADA<\/h2>\t\t\t\t<\/div>\n\t\t\t\t<\/div>\n\t\t\t\t<\/div>\n\t\t<div class=\"elementor-element elementor-element-d6edd4a e-con-full timeline-row e-flex e-con e-child\" data-id=\"d6edd4a\" data-element_type=\"container\" data-e-type=\"container\">\n\t\t<div class=\"elementor-element elementor-element-b5e6753 e-con-full step-box e-flex e-con e-child\" data-id=\"b5e6753\" data-element_type=\"container\" data-e-type=\"container\">\n\t\t\t\t<div class=\"elementor-element elementor-element-f3cb0e2 elementor-widget elementor-widget-heading\" data-id=\"f3cb0e2\" data-element_type=\"widget\" data-e-type=\"widget\" data-widget_type=\"heading.default\">\n\t\t\t\t<div class=\"elementor-widget-container\">\n\t\t\t\t\t<h2 class=\"elementor-heading-title elementor-size-default\">04<\/h2>\t\t\t\t<\/div>\n\t\t\t\t<\/div>\n\t\t\t\t<\/div>\n\t\t<div class=\"elementor-element elementor-element-a273eec e-con-full step-line e-flex e-con e-child\" data-id=\"a273eec\" data-element_type=\"container\" data-e-type=\"container\">\n\t\t\t\t<\/div>\n\t\t\t\t<div class=\"elementor-element elementor-element-3caed4d step-label elementor-widget elementor-widget-heading\" data-id=\"3caed4d\" data-element_type=\"widget\" data-e-type=\"widget\" data-widget_type=\"heading.default\">\n\t\t\t\t<div class=\"elementor-widget-container\">\n\t\t\t\t\t<h2 class=\"elementor-heading-title elementor-size-default\">OS_PORTAL_SYNC<\/h2>\t\t\t\t<\/div>\n\t\t\t\t<\/div>\n\t\t\t\t<\/div>\n\t\t\t\t<\/div>\n\t\t\t\t<\/div>\n\t\t\t\t\t<\/div>\n\t\t\t\t<\/div>\n\t\t<div class=\"elementor-element elementor-element-f67cc7b e-flex e-con-boxed e-con e-parent\" data-id=\"f67cc7b\" data-element_type=\"container\" data-e-type=\"container\">\n\t\t\t\t\t<div class=\"e-con-inner\">\n\t\t\t\t<div class=\"elementor-element elementor-element-1ab5dda elementor-widget elementor-widget-spacer\" data-id=\"1ab5dda\" data-element_type=\"widget\" data-e-type=\"widget\" data-widget_type=\"spacer.default\">\n\t\t\t\t<div class=\"elementor-widget-container\">\n\t\t\t\t\t\t\t<div class=\"elementor-spacer\">\n\t\t\t<div class=\"elementor-spacer-inner\"><\/div>\n\t\t<\/div>\n\t\t\t\t\t\t<\/div>\n\t\t\t\t<\/div>\n\t\t\t\t\t<\/div>\n\t\t\t\t<\/div>\n\t\t<div class=\"elementor-element elementor-element-de7a7c4 e-flex e-con-boxed e-con e-parent\" data-id=\"de7a7c4\" data-element_type=\"container\" data-e-type=\"container\">\n\t\t\t\t\t<div class=\"e-con-inner\">\n\t\t<div class=\"elementor-element elementor-element-926075b e-con-full e-flex e-con e-child\" data-id=\"926075b\" data-element_type=\"container\" data-e-type=\"container\">\n\t\t\t\t<div class=\"elementor-element elementor-element-f7a02dd elementor-widget elementor-widget-html\" data-id=\"f7a02dd\" data-element_type=\"widget\" data-e-type=\"widget\" data-widget_type=\"html.default\">\n\t\t\t\t<div class=\"elementor-widget-container\">\n\t\t\t\t\t<style>\r\n.map-section {\r\n  position: relative;\r\n  width: 100%;\r\n  height: 500px;\r\n  border-radius: 20px;\r\n  overflow: hidden;\r\n  background: #f5f7fa;\r\n}\r\n\r\n\/* \ud83c\udf0d World Map Background *\/\r\n.map-bg {\r\n  position: absolute;\r\n  width: 100%;\r\n  height: 100%;\r\n  background: url('https:\/\/upload.wikimedia.org\/wikipedia\/commons\/thumb\/8\/80\/World_map_-_low_resolution.svg\/1920px-World_map_-_low_resolution.svg.png') center\/cover no-repeat;\r\n  opacity: 0.25; \/* \ud83d\udc48 DARKER MAP (increase for more dark) *\/\r\n  filter: grayscale(100%);\r\n}\r\n\r\n\/* \ud83d\udd32 Grid Overlay *\/\r\n.grid-overlay {\r\n  position: absolute;\r\n  width: 100%;\r\n  height: 100%;\r\n  background-image: \r\n    linear-gradient(rgba(0,0,0,0.06) 1px, transparent 1px),\r\n    linear-gradient(90deg, rgba(0,0,0,0.06) 1px, transparent 1px);\r\n  background-size: 40px 40px;\r\n}\r\n\r\n\/* \ud83d\udd35 Node Style *\/\r\n.node {\r\n  position: absolute;\r\n  width: 14px;\r\n  height: 14px;\r\n  background: #0a5cff;\r\n  border-radius: 50%;\r\n  box-shadow: 0 0 10px rgba(10,92,255,0.8);\r\n  animation: pulse 2s infinite;\r\n}\r\n\r\n\/* \u2728 Blinking Effect *\/\r\n@keyframes pulse {\r\n  0% {\r\n    transform: scale(1);\r\n    box-shadow: 0 0 0 0 rgba(10,92,255,0.6);\r\n  }\r\n  70% {\r\n    transform: scale(1.4);\r\n    box-shadow: 0 0 0 20px rgba(10,92,255,0);\r\n  }\r\n  100% {\r\n    transform: scale(1);\r\n  }\r\n}\r\n\r\n\/* \ud83d\udce6 Node Labels *\/\r\n.label {\r\n  position: absolute;\r\n  background: white;\r\n  padding: 12px 16px;\r\n  border-radius: 12px;\r\n  font-size: 12px;\r\n  color: #1a2a4f;\r\n  box-shadow: 0 10px 30px rgba(0,0,0,0.08);\r\n  font-family: sans-serif;\r\n}\r\n\r\n\/* \ud83d\udccd Positions *\/\r\n.node1 { top: 40%; left: 35%; }\r\n.node2 { top: 60%; left: 60%; }\r\n\r\n.label1 { top: 48%; left: 28%; }\r\n.label2 { top: 68%; left: 55%; }\r\n\r\n\/* \ud83d\udcca Top Right Card *\/\r\n.telemetry {\r\n  position: absolute;\r\n  top: 20px;\r\n  right: 20px;\r\n  background: white;\r\n  padding: 16px;\r\n  border-radius: 14px;\r\n  box-shadow: 0 10px 30px rgba(0,0,0,0.08);\r\n  font-size: 12px;\r\n}\r\n\r\n\/* \ud83d\udcf1 HARD MOBILE FIX *\/\r\n@media (max-width: 768px) {\r\n\r\n  .map-section {\r\n    height: 320px;\r\n  }\r\n\r\n  \/* \ud83d\udd35 Nodes smaller *\/\r\n  .node {\r\n    width: 8px !important;\r\n    height: 8px !important;\r\n  }\r\n\r\n  \/* \ud83d\udce6 Labels SMALL + COMPACT *\/\r\n  .label {\r\n    font-size: 6px !important;\r\n    padding: 9px 10px !important;\r\n    border-radius: 8px !important;\r\n    max-width: 130px !important;\r\n    line-height: 1.5 !important;\r\n    box-shadow: 0 5px 15px rgba(0,0,0,0.06) !important;\r\n  }\r\n\r\n  \/* \ud83d\udcca Telemetry SMALL *\/\r\n  .telemetry {\r\n    font-size: 8px !important;\r\n    padding: 10px !important;\r\n    border-radius: 10px !important;\r\n    max-width: 150px !important;\r\n    top: 9px !important;\r\n    right: 9px !important;\r\n  }\r\n\r\n  \/* \u2702\ufe0f Reduce bold text size *\/\r\n  .label strong,\r\n  .telemetry strong {\r\n    font-size: 9px !important\r\n    ;\r\n      \r\n  }\r\n\r\n  \/* \ud83d\udccd REPOSITION (IMPORTANT) *\/\r\n  .node1 { top: 30% !important; left: 28% !important; }\r\n  .node2 { top: 65% !important; left: 55% !important; }\r\n\r\n  .label1 { top: 36% !important; left: 5% !important; }\r\n  .label2 { top: 72% !important; left: 40% !important; }\r\n\r\n}\r\n<\/style>\r\n\r\n<div class=\"map-section\">\r\n\r\n  <div class=\"map-bg\"><\/div>\r\n  <div class=\"grid-overlay\"><\/div>\r\n\r\n  <!-- \ud83d\udd35 Nodes -->\r\n  <div class=\"node node1\"><\/div>\r\n  <div class=\"node node2\"><\/div>\r\n\r\n  <!-- \ud83d\udce6 Labels -->\r\n  <div class=\"label label1\">\r\n    <strong>NODE_USA: SEDE_ATL<\/strong><br>\r\n    ESTADO: MASTER_HUB\r\n  <\/div>\r\n\r\n  <div class=\"label label2\">\r\n    <strong>NODE_MX: Ciudad de M\u00e9xico<\/strong><br>\r\n    ESTADO: OPERACIONAL\r\n  <\/div>\r\n\r\n  <!-- \ud83d\udcca Telemetry Card -->\r\n  <div class=\"telemetry\">\r\n    \u25cf TELEMETR\u00cdA_NODO_EN_VIVO<br>\r\n    TOTAL DE NODOS: <strong>48_ACTIVO<\/strong><br>\r\n    CUMPLIMIENTO: <strong style=\"color:#0a5cff;\">VERIFICADO<\/strong>\r\n  <\/div>\r\n  \r\n \r\n<\/div>\r\n\r\n\t\t\t\t<\/div>\n\t\t\t\t<\/div>\n\t\t\t\t<\/div>\n\t\t\t\t\t<\/div>\n\t\t\t\t<\/div>\n\t\t\t\t<\/div>","protected":false},"excerpt":{"rendered":"<p>AUTH_PROTOCOL_BETA. CREADO PARA EL PROVEEDOR MODERNO Nuestra red de proveedores es un ecosistema curado y de alta seguridad. Los m\u00e9dicos aprobados obtienen acceso privilegiado a los formularios 503B y a canales directos de datos cl\u00ednicos. START_APPLICATION_PROTOCOL 01 REGISTRO 02 AUDITOR\u00cdA DE CREDENCIALES 03 PROVISI\u00d3N COMPLETADA 04 OS_PORTAL_SYNC NODE_USA: ATL_HQ ESTADO: MASTER_HUB NODE_MX: CDMX ESTADO: OPERATIVO \u25cf LIVE_NODE_TELEMETRY NODOS TOTALES: 48_ACTIVADOS CUMPLIMIENTO: VERIFICADO<\/p>","protected":false},"author":1,"featured_media":0,"parent":0,"menu_order":0,"comment_status":"closed","ping_status":"closed","template":"","meta":{"_acf_changed":false,"pmpro_default_level":"","footnotes":""},"class_list":["post-20365","page","type-page","status-publish","hentry","pmpro-has-access"],"acf":[],"yoast_head":"<!-- This site is optimized with the Yoast SEO plugin v27.5 - https:\/\/yoast.com\/product\/yoast-seo-wordpress\/ -->\n<title>testing - Longevity Health Plans<\/title>\n<meta name=\"robots\" content=\"index, follow, max-snippet:-1, max-image-preview:large, max-video-preview:-1\" \/>\n<link rel=\"canonical\" href=\"https:\/\/longevityhealthplans.com\/es\/probando\/\" \/>\n<meta property=\"og:locale\" content=\"es_MX\" \/>\n<meta property=\"og:type\" content=\"article\" \/>\n<meta property=\"og:title\" content=\"testing - Longevity Health Plans\" \/>\n<meta property=\"og:description\" content=\"AUTH_PROTOCOL_BETA BUILT FOR THE MODERN PROVIDER Our provider network is a curated, high-security ecosystem. Approved clinicians gain privileged access to 503B formularies and direct clinical data pipes. START_APPLICATION_PROTOCOL 01 REGISTRATION 02 CREDENTIAL_AUDIT 03 PROVISIONING_COMPLETE 04 OS_PORTAL_SYNC NODE_USA: ATL_HQ STATUS: MASTER_HUB NODE_MX: CDMX STATUS: OPERATIONAL \u25cf LIVE_NODE_TELEMETRY TOTAL NODES: 48_ACTIVE COMPLIANCE: VERIFIED\" \/>\n<meta property=\"og:url\" content=\"https:\/\/longevityhealthplans.com\/es\/probando\/\" \/>\n<meta property=\"og:site_name\" content=\"Longevity Health Plans\" \/>\n<meta property=\"article:modified_time\" content=\"2026-03-23T22:49:00+00:00\" \/>\n<meta name=\"twitter:card\" content=\"summary_large_image\" \/>\n<meta name=\"twitter:label1\" content=\"Tiempo de lectura\" \/>\n\t<meta name=\"twitter:data1\" content=\"1 minuto\" \/>\n<script type=\"application\/ld+json\" class=\"yoast-schema-graph\">{\"@context\":\"https:\\\/\\\/schema.org\",\"@graph\":[{\"@type\":\"WebPage\",\"@id\":\"https:\\\/\\\/longevityhealthplans.com\\\/testing\\\/\",\"url\":\"https:\\\/\\\/longevityhealthplans.com\\\/testing\\\/\",\"name\":\"testing - Longevity Health Plans\",\"isPartOf\":{\"@id\":\"https:\\\/\\\/longevityhealthplans.com\\\/#website\"},\"datePublished\":\"2026-03-23T18:19:25+00:00\",\"dateModified\":\"2026-03-23T22:49:00+00:00\",\"breadcrumb\":{\"@id\":\"https:\\\/\\\/longevityhealthplans.com\\\/testing\\\/#breadcrumb\"},\"inLanguage\":\"es\",\"potentialAction\":[{\"@type\":\"ReadAction\",\"target\":[\"https:\\\/\\\/longevityhealthplans.com\\\/testing\\\/\"]}]},{\"@type\":\"BreadcrumbList\",\"@id\":\"https:\\\/\\\/longevityhealthplans.com\\\/testing\\\/#breadcrumb\",\"itemListElement\":[{\"@type\":\"ListItem\",\"position\":1,\"name\":\"Home\",\"item\":\"https:\\\/\\\/longevityhealthplans.com\\\/\"},{\"@type\":\"ListItem\",\"position\":2,\"name\":\"testing\"}]},{\"@type\":\"WebSite\",\"@id\":\"https:\\\/\\\/longevityhealthplans.com\\\/#website\",\"url\":\"https:\\\/\\\/longevityhealthplans.com\\\/\",\"name\":\"Longevity Health Plans\",\"description\":\"Longevity Healthcare: Empowering Your Journey to Optimal Wellness\",\"potentialAction\":[{\"@type\":\"SearchAction\",\"target\":{\"@type\":\"EntryPoint\",\"urlTemplate\":\"https:\\\/\\\/longevityhealthplans.com\\\/?s={search_term_string}\"},\"query-input\":{\"@type\":\"PropertyValueSpecification\",\"valueRequired\":true,\"valueName\":\"search_term_string\"}}],\"inLanguage\":\"es\"}]}<\/script>\n<!-- \/ Yoast SEO plugin. -->","yoast_head_json":{"title":"Prueba - Longevity Health Plans","robots":{"index":"index","follow":"follow","max-snippet":"max-snippet:-1","max-image-preview":"max-image-preview:large","max-video-preview":"max-video-preview:-1"},"canonical":"https:\/\/longevityhealthplans.com\/es\/probando\/","og_locale":"es_MX","og_type":"article","og_title":"testing - Longevity Health Plans","og_description":"AUTH_PROTOCOL_BETA BUILT FOR THE MODERN PROVIDER Our provider network is a curated, high-security ecosystem. Approved clinicians gain privileged access to 503B formularies and direct clinical data pipes. START_APPLICATION_PROTOCOL 01 REGISTRATION 02 CREDENTIAL_AUDIT 03 PROVISIONING_COMPLETE 04 OS_PORTAL_SYNC NODE_USA: ATL_HQ STATUS: MASTER_HUB NODE_MX: CDMX STATUS: OPERATIONAL \u25cf LIVE_NODE_TELEMETRY TOTAL NODES: 48_ACTIVE COMPLIANCE: VERIFIED","og_url":"https:\/\/longevityhealthplans.com\/es\/probando\/","og_site_name":"Longevity Health Plans","article_modified_time":"2026-03-23T22:49:00+00:00","twitter_card":"summary_large_image","twitter_misc":{"Tiempo de lectura":"1 minuto"},"schema":{"@context":"https:\/\/schema.org","@graph":[{"@type":"WebPage","@id":"https:\/\/longevityhealthplans.com\/testing\/","url":"https:\/\/longevityhealthplans.com\/testing\/","name":"Prueba - Longevity Health Plans","isPartOf":{"@id":"https:\/\/longevityhealthplans.com\/#website"},"datePublished":"2026-03-23T18:19:25+00:00","dateModified":"2026-03-23T22:49:00+00:00","breadcrumb":{"@id":"https:\/\/longevityhealthplans.com\/testing\/#breadcrumb"},"inLanguage":"es","potentialAction":[{"@type":"ReadAction","target":["https:\/\/longevityhealthplans.com\/testing\/"]}]},{"@type":"BreadcrumbList","@id":"https:\/\/longevityhealthplans.com\/testing\/#breadcrumb","itemListElement":[{"@type":"ListItem","position":1,"name":"Home","item":"https:\/\/longevityhealthplans.com\/"},{"@type":"ListItem","position":2,"name":"testing"}]},{"@type":"WebSite","@id":"https:\/\/longevityhealthplans.com\/#website","url":"https:\/\/longevityhealthplans.com\/","name":"Longevity Health Plans","description":"Longevity Healthcare: Potenciando tu viaje hacia el bienestar \u00f3ptimo","potentialAction":[{"@type":"SearchAction","target":{"@type":"EntryPoint","urlTemplate":"https:\/\/longevityhealthplans.com\/?s={search_term_string}"},"query-input":{"@type":"PropertyValueSpecification","valueRequired":true,"valueName":"search_term_string"}}],"inLanguage":"es"}]}},"_links":{"self":[{"href":"https:\/\/longevityhealthplans.com\/es\/wp-json\/wp\/v2\/pages\/20365","targetHints":{"allow":["GET"]}}],"collection":[{"href":"https:\/\/longevityhealthplans.com\/es\/wp-json\/wp\/v2\/pages"}],"about":[{"href":"https:\/\/longevityhealthplans.com\/es\/wp-json\/wp\/v2\/types\/page"}],"author":[{"embeddable":true,"href":"https:\/\/longevityhealthplans.com\/es\/wp-json\/wp\/v2\/users\/1"}],"replies":[{"embeddable":true,"href":"https:\/\/longevityhealthplans.com\/es\/wp-json\/wp\/v2\/comments?post=20365"}],"version-history":[{"count":132,"href":"https:\/\/longevityhealthplans.com\/es\/wp-json\/wp\/v2\/pages\/20365\/revisions"}],"predecessor-version":[{"id":20909,"href":"https:\/\/longevityhealthplans.com\/es\/wp-json\/wp\/v2\/pages\/20365\/revisions\/20909"}],"wp:attachment":[{"href":"https:\/\/longevityhealthplans.com\/es\/wp-json\/wp\/v2\/media?parent=20365"}],"curies":[{"name":"wp","href":"https:\/\/api.w.org\/{rel}","templated":true}]}}