{"id":14317,"date":"2024-03-18T00:07:59","date_gmt":"2024-03-18T00:07:59","guid":{"rendered":"https:\/\/longevityhealthplans.com\/?page_id=14317"},"modified":"2026-04-08T19:05:07","modified_gmt":"2026-04-08T19:05:07","slug":"tienda-lhp","status":"publish","type":"page","link":"https:\/\/longevityhealthplans.com\/es\/lhp-store\/","title":{"rendered":"LHP | TIENDA"},"content":{"rendered":"<div data-elementor-type=\"wp-page\" data-elementor-id=\"14317\" class=\"elementor elementor-14317\" data-elementor-post-type=\"page\">\n\t\t\t\t<div class=\"elementor-element elementor-element-f766193 e-flex e-con-boxed e-con e-parent\" data-id=\"f766193\" data-element_type=\"container\" data-e-type=\"container\" data-settings=\"{&quot;background_background&quot;:&quot;classic&quot;}\">\n\t\t\t\t\t<div class=\"e-con-inner\">\n\t\t\t\t<div class=\"elementor-element elementor-element-97889ce elementor-widget elementor-widget-html\" data-id=\"97889ce\" data-element_type=\"widget\" data-e-type=\"widget\" data-widget_type=\"html.default\">\n\t\t\t\t<div class=\"elementor-widget-container\">\n\t\t\t\t\t<div class=\"status-pill\">\r\n  \r\n  <span class=\"status-label\">Resumen de la plataforma<\/span>\r\n  \r\n  <span class=\"status-text\"> INFRAESTRUCTURA DE SUMINISTROS CL\u00cdNICOS<\/span>\r\n  \r\n  <span class=\"status-dot\"><\/span>\r\n\r\n<\/div>\t\t\t\t<\/div>\n\t\t\t\t<\/div>\n\t\t\t\t<div class=\"elementor-element elementor-element-bd37ec4 elementor-widget__width-initial elementor-widget elementor-widget-heading\" data-id=\"bd37ec4\" data-element_type=\"widget\" data-e-type=\"widget\" data-widget_type=\"heading.default\">\n\t\t\t\t<div class=\"elementor-widget-container\">\n\t\t\t\t\t<h2 class=\"elementor-heading-title elementor-size-default\">Longevity Health Plans es la capa de infraestructura cl\u00ednica detr\u00e1s de la prestaci\u00f3n moderna de atenci\u00f3n al paciente<\/h2>\t\t\t\t<\/div>\n\t\t\t\t<\/div>\n\t\t\t\t<div class=\"elementor-element elementor-element-1fa8bcf elementor-widget__width-initial elementor-widget elementor-widget-heading\" data-id=\"1fa8bcf\" data-element_type=\"widget\" data-e-type=\"widget\" data-widget_type=\"heading.default\">\n\t\t\t\t<div class=\"elementor-widget-container\">\n\t\t\t\t\t<h2 class=\"elementor-heading-title elementor-size-default\">Un sistema controlado que ofrece acceso constante a p\u00e9ptidos, terapias de GLP y tratamientos basados en hormonas.<br> por confiabilidad, precisi\u00f3n y escala cl\u00ednica.<\/h2>\t\t\t\t<\/div>\n\t\t\t\t<\/div>\n\t\t\t\t<div class=\"elementor-element elementor-element-a9b1c6d elementor-widget elementor-widget-shortcode\" data-id=\"a9b1c6d\" data-element_type=\"widget\" data-e-type=\"widget\" data-widget_type=\"shortcode.default\">\n\t\t\t\t<div class=\"elementor-widget-container\">\n\t\t\t\t\t\t\t<div class=\"elementor-shortcode\"><div class=\"lhp-products-grid columns-4\"><a class=\"lhp-product-card\" href=\"https:\/\/longevityhealthplans.com\/es\/product\/aod-5mg\/\"><div class=\"lhp-product-image-wrap\"><img decoding=\"async\" src=\"https:\/\/longevityhealthplans.com\/wp-content\/uploads\/2025\/12\/39-300x300.png\" alt=\"AOD 5MG Liofilizado\" loading=\"lazy\"><\/div><h3>AOD 5MG Liofilizado<\/h3><\/a><a class=\"lhp-product-card\" href=\"https:\/\/longevityhealthplans.com\/es\/product\/bpc-157\/\"><div class=\"lhp-product-image-wrap\"><img decoding=\"async\" src=\"https:\/\/longevityhealthplans.com\/wp-content\/uploads\/2024\/03\/fixed_product2_transparent-300x300.png\" alt=\"BPC-157\" loading=\"lazy\"><\/div><h3>BPC-157<\/h3><\/a><a class=\"lhp-product-card\" href=\"https:\/\/longevityhealthplans.com\/es\/product\/cag-10-mg-lyophilized\/\"><div class=\"lhp-product-image-wrap\"><img decoding=\"async\" src=\"https:\/\/longevityhealthplans.com\/wp-content\/uploads\/2025\/12\/40-300x300.png\" alt=\"CAG 10 MG Liofilizado\" loading=\"lazy\"><\/div><h3>CAG 10 MG Liofilizado<\/h3><\/a><a class=\"lhp-product-card\" href=\"https:\/\/longevityhealthplans.com\/es\/product\/caverject-20-mcg-lyophilized\/\"><div class=\"lhp-product-image-wrap\"><img decoding=\"async\" src=\"https:\/\/longevityhealthplans.com\/wp-content\/uploads\/2025\/12\/41-300x300.png\" alt=\"CaverJect 20 MCG Liofilizado\" loading=\"lazy\"><\/div><h3>CaverJect 20 MCG Liofilizado<\/h3><\/a><a class=\"lhp-product-card\" href=\"https:\/\/longevityhealthplans.com\/es\/product\/cjc-1295-ipamorelin\/\"><div class=\"lhp-product-image-wrap\"><img decoding=\"async\" src=\"https:\/\/longevityhealthplans.com\/wp-content\/uploads\/2025\/12\/cjc_fixed2-300x300.png\" alt=\"CJC-1295 + Ipamorelin\" loading=\"lazy\"><\/div><h3>CJC-1295 + Ipamorelin<\/h3><\/a><a class=\"lhp-product-card\" href=\"https:\/\/longevityhealthplans.com\/es\/product\/dexpanthenol-50-mg-lyophilized\/\"><div class=\"lhp-product-image-wrap\"><img decoding=\"async\" src=\"https:\/\/longevityhealthplans.com\/wp-content\/uploads\/2025\/12\/42-300x300.png\" alt=\"Dexpantenol 50 MG Liofilizado\" loading=\"lazy\"><\/div><h3>Dexpantenol 50 MG Liofilizado<\/h3><\/a><a class=\"lhp-product-card\" href=\"https:\/\/longevityhealthplans.com\/es\/product\/ghk-cu\/\"><div class=\"lhp-product-image-wrap\"><img decoding=\"async\" src=\"https:\/\/longevityhealthplans.com\/wp-content\/uploads\/2025\/12\/11-1-300x300.png\" alt=\"GHK-CU\" loading=\"lazy\"><\/div><h3>GHK-CU<\/h3><\/a><a class=\"lhp-product-card\" href=\"https:\/\/longevityhealthplans.com\/es\/product\/ghk-cu-face-cream-lyophilized\/\"><div class=\"lhp-product-image-wrap\"><img decoding=\"async\" src=\"https:\/\/longevityhealthplans.com\/wp-content\/uploads\/2025\/12\/cream_final_fixed2-300x300.png\" alt=\"GHK-Cu Crema Facial Liofilizada\" loading=\"lazy\"><\/div><h3>GHK-Cu Crema Facial Liofilizada<\/h3><\/a><a class=\"lhp-product-card\" href=\"https:\/\/longevityhealthplans.com\/es\/product\/ghrp-6-10-mg-lyophilized\/\"><div class=\"lhp-product-image-wrap\"><img decoding=\"async\" src=\"https:\/\/longevityhealthplans.com\/wp-content\/uploads\/2025\/12\/43-300x300.png\" alt=\"GHRP-6 10 MG Liofilizado\" loading=\"lazy\"><\/div><h3>GHRP-6 10 MG Liofilizado<\/h3><\/a><a class=\"lhp-product-card\" href=\"https:\/\/longevityhealthplans.com\/es\/product\/glow-stack-bpc-157-ghk-cu-tb-500\/\"><div class=\"lhp-product-image-wrap\"><img decoding=\"async\" src=\"https:\/\/longevityhealthplans.com\/wp-content\/uploads\/2025\/12\/14-300x300.png\" alt=\"Glow Stack (BPC-157 + GHK-CU + TB-500)\" loading=\"lazy\"><\/div><h3>Glow Stack (BPC-157 + GHK-CU + TB-500)<\/h3><\/a><a class=\"lhp-product-card\" href=\"https:\/\/longevityhealthplans.com\/es\/product\/glp-2\/\"><div class=\"lhp-product-image-wrap\"><img decoding=\"async\" src=\"https:\/\/longevityhealthplans.com\/wp-content\/uploads\/2024\/01\/glp2_fixed-300x300.png\" alt=\"GLP-2\" loading=\"lazy\"><\/div><h3>GLP-2<\/h3><\/a><a class=\"lhp-product-card\" href=\"https:\/\/longevityhealthplans.com\/es\/product\/glutathione\/\"><div class=\"lhp-product-image-wrap\"><img decoding=\"async\" src=\"https:\/\/longevityhealthplans.com\/wp-content\/uploads\/2025\/12\/17-300x300.png\" alt=\"Glutati\u00f3n\" loading=\"lazy\"><\/div><h3>Glutati\u00f3n<\/h3><\/a><a class=\"lhp-product-card\" href=\"https:\/\/longevityhealthplans.com\/es\/product\/kisspeptin-10-mg-lyophilized\/\"><div class=\"lhp-product-image-wrap\"><img decoding=\"async\" src=\"https:\/\/longevityhealthplans.com\/wp-content\/uploads\/2025\/12\/44-300x300.png\" alt=\"Kisspeptina 10 MG Liofilizada\" loading=\"lazy\"><\/div><h3>Kisspeptina 10 MG Liofilizada<\/h3><\/a><a class=\"lhp-product-card\" href=\"https:\/\/longevityhealthplans.com\/es\/product\/lipo-b-vial-size-100-ml-lyophilized\/\"><div class=\"lhp-product-image-wrap\"><img decoding=\"async\" src=\"https:\/\/longevityhealthplans.com\/wp-content\/uploads\/2025\/12\/45-300x300.png\" alt=\"Tama\u00f1o del Vial Lipo B 100 ML Liofilizado\" loading=\"lazy\"><\/div><h3>Tama\u00f1o del Vial Lipo B 100 ML Liofilizado<\/h3><\/a><a class=\"lhp-product-card\" href=\"https:\/\/longevityhealthplans.com\/es\/product\/lipomino-b12-30-ml-vial-size-30-ml-lyophilized\/\"><div class=\"lhp-product-image-wrap\"><img decoding=\"async\" src=\"https:\/\/longevityhealthplans.com\/wp-content\/uploads\/2025\/12\/46-300x300.png\" alt=\"LipoMino B12 Frasco de 30 ML Tama\u00f1o 30 ML Liofilizado\" loading=\"lazy\"><\/div><h3>LipoMino B12 Frasco de 30 ML Tama\u00f1o 30 ML Liofilizado<\/h3><\/a><a class=\"lhp-product-card\" href=\"https:\/\/longevityhealthplans.com\/es\/product\/methylcobalamin-b12\/\"><div class=\"lhp-product-image-wrap\"><img decoding=\"async\" src=\"https:\/\/longevityhealthplans.com\/wp-content\/uploads\/2025\/12\/22-300x300.png\" alt=\"Metilcobalamina B12 1MG\/ML. Tama\u00f1o del frasco 10ML. Reconstituida.\" loading=\"lazy\"><\/div><h3>Metilcobalamina B12 1MG\/ML. Tama\u00f1o del frasco 10ML. Reconstituida.<\/h3><\/a><a class=\"lhp-product-card\" href=\"https:\/\/longevityhealthplans.com\/es\/product\/nad\/\"><div class=\"lhp-product-image-wrap\"><img decoding=\"async\" src=\"https:\/\/longevityhealthplans.com\/wp-content\/uploads\/2025\/12\/24-300x300.png\" alt=\"NAD+\" loading=\"lazy\"><\/div><h3>NAD+<\/h3><\/a><a class=\"lhp-product-card\" href=\"https:\/\/longevityhealthplans.com\/es\/product\/pt-141\/\"><div class=\"lhp-product-image-wrap\"><img decoding=\"async\" src=\"https:\/\/longevityhealthplans.com\/wp-content\/uploads\/2025\/12\/27-300x300.png\" alt=\"PT-141\" loading=\"lazy\"><\/div><h3>PT-141<\/h3><\/a><a class=\"lhp-product-card\" href=\"https:\/\/longevityhealthplans.com\/es\/product\/retatrutide\/\"><div class=\"lhp-product-image-wrap\"><img decoding=\"async\" src=\"https:\/\/longevityhealthplans.com\/wp-content\/uploads\/2025\/12\/30-300x300.png\" alt=\"Retatrutida\" loading=\"lazy\"><\/div><h3>Retatrutida<\/h3><\/a><a class=\"lhp-product-card\" href=\"https:\/\/longevityhealthplans.com\/es\/product\/sermorelin\/\"><div class=\"lhp-product-image-wrap\"><img decoding=\"async\" src=\"https:\/\/longevityhealthplans.com\/wp-content\/uploads\/2025\/12\/33-300x300.png\" alt=\"Sermorelina\" loading=\"lazy\"><\/div><h3>Sermorelina<\/h3><\/a><a class=\"lhp-product-card\" href=\"https:\/\/longevityhealthplans.com\/es\/product\/serostim-hgh-160-iu-lyophilized\/\"><div class=\"lhp-product-image-wrap\"><img decoding=\"async\" src=\"https:\/\/longevityhealthplans.com\/wp-content\/uploads\/2025\/12\/47-300x300.png\" alt=\"Serostim (HGH) 160 UI Liofilizado\" loading=\"lazy\"><\/div><h3>Serostim (HGH) 160 UI Liofilizado<\/h3><\/a><a class=\"lhp-product-card\" href=\"https:\/\/longevityhealthplans.com\/es\/product\/snap-8-10-mg-lyophilized\/\"><div class=\"lhp-product-image-wrap\"><img decoding=\"async\" src=\"https:\/\/longevityhealthplans.com\/wp-content\/uploads\/2025\/12\/48-300x300.png\" alt=\"SNAP-8 10 MG Liofilizado\" loading=\"lazy\"><\/div><h3>SNAP-8 10 MG Liofilizado<\/h3><\/a><a class=\"lhp-product-card\" href=\"https:\/\/longevityhealthplans.com\/es\/product\/somotropin-hgh-100-iu-lyophilized\/\"><div class=\"lhp-product-image-wrap\"><img decoding=\"async\" src=\"https:\/\/longevityhealthplans.com\/wp-content\/uploads\/2025\/12\/49-300x300.png\" alt=\"Somotropin (HGH) 100 UI Liofilizado\" loading=\"lazy\"><\/div><h3>Somotropin (HGH) 100 UI Liofilizado<\/h3><\/a><a class=\"lhp-product-card\" href=\"https:\/\/longevityhealthplans.com\/es\/product\/ss-21-elampretide-25-mg-lyophilized\/\"><div class=\"lhp-product-image-wrap\"><img decoding=\"async\" src=\"https:\/\/longevityhealthplans.com\/wp-content\/uploads\/2025\/12\/50-300x300.png\" alt=\"SS-21 Elampretide 25 MG Liofilizado\" loading=\"lazy\"><\/div><h3>SS-21 Elampretide 25 MG Liofilizado<\/h3><\/a><a class=\"lhp-product-card\" href=\"https:\/\/longevityhealthplans.com\/es\/product\/tb500\/\"><div class=\"lhp-product-image-wrap\"><img decoding=\"async\" src=\"https:\/\/longevityhealthplans.com\/wp-content\/uploads\/2025\/12\/51-300x300.png\" alt=\"TB500\" loading=\"lazy\"><\/div><h3>TB500<\/h3><\/a><a class=\"lhp-product-card\" href=\"https:\/\/longevityhealthplans.com\/es\/product\/tesamorelin-10-mg-lyophilized\/\"><div class=\"lhp-product-image-wrap\"><img decoding=\"async\" src=\"https:\/\/longevityhealthplans.com\/wp-content\/uploads\/2025\/12\/53-300x300.png\" alt=\"TESAMORELIN 10 MG Liofilizado\" loading=\"lazy\"><\/div><h3>TESAMORELIN 10 MG Liofilizado<\/h3><\/a><a class=\"lhp-product-card\" href=\"https:\/\/longevityhealthplans.com\/es\/product\/testosterone-200-mg-ml-vial-size-10-ml-lyophilized\/\"><div class=\"lhp-product-image-wrap\"><img decoding=\"async\" src=\"https:\/\/longevityhealthplans.com\/wp-content\/uploads\/2025\/12\/54-300x300.png\" alt=\"Testosterona 200 MG \/ ML Tama\u00f1o de vial 10 ML Liofilizado\" loading=\"lazy\"><\/div><h3>Testosterona 200 MG \/ ML Tama\u00f1o de vial 10 ML Liofilizado<\/h3><\/a><a class=\"lhp-product-card\" href=\"https:\/\/longevityhealthplans.com\/es\/product\/wolverine-stack-tb500-bpc157\/\"><div class=\"lhp-product-image-wrap\"><img decoding=\"async\" src=\"https:\/\/longevityhealthplans.com\/wp-content\/uploads\/2025\/12\/36-300x300.png\" alt=\"Wolverine Stack (TB500 \/ BPC157)\" loading=\"lazy\"><\/div><h3>Wolverine Stack (TB500 \/ BPC157)<\/h3><\/a><a class=\"lhp-product-card\" href=\"https:\/\/longevityhealthplans.com\/es\/product\/glp-1\/\"><div class=\"lhp-product-image-wrap\"><img decoding=\"async\" src=\"https:\/\/longevityhealthplans.com\/wp-content\/uploads\/2024\/01\/2-1-300x300.png\" alt=\"GLP-1\" loading=\"lazy\"><\/div><h3>GLP-1<\/h3><\/a><\/div><\/div>\n\t\t\t\t\t\t<\/div>\n\t\t\t\t<\/div>\n\t\t\t\t\t<\/div>\n\t\t\t\t<\/div>\n\t\t<div class=\"elementor-element elementor-element-290ce85 e-flex e-con-boxed e-con e-parent\" data-id=\"290ce85\" data-element_type=\"container\" data-e-type=\"container\">\n\t\t\t\t\t<div class=\"e-con-inner\">\n\t\t\t\t\t<\/div>\n\t\t\t\t<\/div>\n\t\t<div class=\"elementor-element elementor-element-09bf2bf e-con-full e-flex e-con e-parent\" data-id=\"09bf2bf\" data-element_type=\"container\" data-e-type=\"container\">\n\t\t<div class=\"elementor-element elementor-element-778b7b8 e-con-full e-flex e-con e-child\" data-id=\"778b7b8\" data-element_type=\"container\" data-e-type=\"container\">\n\t\t<div class=\"elementor-element elementor-element-28c13c8 e-con-full e-flex e-con e-child\" data-id=\"28c13c8\" data-element_type=\"container\" data-e-type=\"container\">\n\t\t\t\t<div class=\"elementor-element elementor-element-e823d66 elementor-widget elementor-widget-html\" data-id=\"e823d66\" data-element_type=\"widget\" data-e-type=\"widget\" data-widget_type=\"html.default\">\n\t\t\t\t<div class=\"elementor-widget-container\">\n\t\t\t\t\t<div class=\"status-pill\">\r\n  \r\n  <span class=\"status-label\">Estado del sistema:<\/span>\r\n  \r\n  <span class=\"status-text\"> Nodo 402 Operacional <\/span>\r\n  \r\n  <span class=\"status-dot\"><\/span>\r\n\r\n<\/div>\t\t\t\t<\/div>\n\t\t\t\t<\/div>\n\t\t\t\t<\/div>\n\t\t\t\t<div class=\"elementor-element elementor-element-de4b7b3 elementor-widget__width-initial elementor-widget elementor-widget-text-editor\" data-id=\"de4b7b3\" data-element_type=\"widget\" data-e-type=\"widget\" data-widget_type=\"text-editor.default\">\n\t\t\t\t<div class=\"elementor-widget-container\">\n\t\t\t\t\t\t\t\t\t<p>Nuestro <span style=\"color: #004aad;\">Posici\u00f3n<\/span><\/p>\t\t\t\t\t\t\t\t<\/div>\n\t\t\t\t<\/div>\n\t\t\t\t<div class=\"elementor-element elementor-element-ca5855d elementor-widget elementor-widget-text-editor\" data-id=\"ca5855d\" data-element_type=\"widget\" data-e-type=\"widget\" data-widget_type=\"text-editor.default\">\n\t\t\t\t<div class=\"elementor-widget-container\">\n\t\t\t\t\t\t\t\t\t<p>No seguimos el movimiento de longevidad. Estamos construyendo la infraestructura que lo define.<\/p>\t\t\t\t\t\t\t\t<\/div>\n\t\t\t\t<\/div>\n\t\t\t\t<div class=\"elementor-element elementor-element-2e6b898 elementor-widget elementor-widget-text-editor\" data-id=\"2e6b898\" data-element_type=\"widget\" data-e-type=\"widget\" data-widget_type=\"text-editor.default\">\n\t\t\t\t<div class=\"elementor-widget-container\">\n\t\t\t\t\t\t\t\t\t<p>Longevity Health Plans se encuentra en la intersecci\u00f3n de:<\/p>\t\t\t\t\t\t\t\t<\/div>\n\t\t\t\t<\/div>\n\t\t\t\t<div class=\"elementor-element elementor-element-cd07a6e elementor-align-center elementor-icon-list--layout-inline elementor-list-item-link-full_width elementor-widget elementor-widget-icon-list\" data-id=\"cd07a6e\" data-element_type=\"widget\" data-e-type=\"widget\" data-widget_type=\"icon-list.default\">\n\t\t\t\t<div class=\"elementor-widget-container\">\n\t\t\t\t\t\t\t<ul class=\"elementor-icon-list-items elementor-inline-items\">\n\t\t\t\t\t\t\t<li class=\"elementor-icon-list-item elementor-inline-item\">\n\t\t\t\t\t\t\t\t\t\t\t<span class=\"elementor-icon-list-icon\">\n\t\t\t\t\t\t\t<i aria-hidden=\"true\" class=\"icon-arrow-right\"><\/i>\t\t\t\t\t\t<\/span>\n\t\t\t\t\t\t\t\t\t\t<span class=\"elementor-icon-list-text\">Innovaci\u00f3n cl\u00ednica <\/span>\n\t\t\t\t\t\t\t\t\t<\/li>\n\t\t\t\t\t\t\t\t<li class=\"elementor-icon-list-item elementor-inline-item\">\n\t\t\t\t\t\t\t\t\t\t\t<span class=\"elementor-icon-list-icon\">\n\t\t\t\t\t\t\t<i aria-hidden=\"true\" class=\"icon-arrow-right\"><\/i>\t\t\t\t\t\t<\/span>\n\t\t\t\t\t\t\t\t\t\t<span class=\"elementor-icon-list-text\">Precisi\u00f3n farmac\u00e9utica <\/span>\n\t\t\t\t\t\t\t\t\t<\/li>\n\t\t\t\t\t\t\t\t<li class=\"elementor-icon-list-item elementor-inline-item\">\n\t\t\t\t\t\t\t\t\t\t\t<span class=\"elementor-icon-list-icon\">\n\t\t\t\t\t\t\t<i aria-hidden=\"true\" class=\"icon-arrow-right\"><\/i>\t\t\t\t\t\t<\/span>\n\t\t\t\t\t\t\t\t\t\t<span class=\"elementor-icon-list-text\">Sistemas de salud escalables <\/span>\n\t\t\t\t\t\t\t\t\t<\/li>\n\t\t\t\t\t\t\t\t<li class=\"elementor-icon-list-item elementor-inline-item\">\n\t\t\t\t\t\t\t\t\t\t\t<span class=\"elementor-icon-list-icon\">\n\t\t\t\t\t\t\t<i aria-hidden=\"true\" class=\"icon-arrow-right\"><\/i>\t\t\t\t\t\t<\/span>\n\t\t\t\t\t\t\t\t\t\t<span class=\"elementor-icon-list-text\">Ejecuci\u00f3n transfronteriza <\/span>\n\t\t\t\t\t\t\t\t\t<\/li>\n\t\t\t\t\t\t<\/ul>\n\t\t\t\t\t\t<\/div>\n\t\t\t\t<\/div>\n\t\t\t\t<div class=\"elementor-element elementor-element-bb04fa4 elementor-widget elementor-widget-text-editor\" data-id=\"bb04fa4\" data-element_type=\"widget\" data-e-type=\"widget\" data-widget_type=\"text-editor.default\">\n\t\t\t\t<div class=\"elementor-widget-container\">\n\t\t\t\t\t\t\t\t\t<p>Somos el socio preferido por m\u00e9dicos y organizaciones que reconocen que el futuro de la atenci\u00f3n m\u00e9dica se est\u00e1 construyendo ahora.<\/p>\t\t\t\t\t\t\t\t<\/div>\n\t\t\t\t<\/div>\n\t\t\t\t<\/div>\n\t\t\t\t<\/div>\n\t\t\t\t<\/div>","protected":false},"excerpt":{"rendered":"<p>PLATFORM_OVERVIEW: CLINICAL SUPPLY INFRASTRUCTURE Longevity Health Plans Is The Clinical Infrastructure Layer Behind Modern Patient Care Delivery A controlled system delivering consistent access to peptides, GLP therapies, and hormone based treatments built for reliability, precision, and clinical scale. System Status: Node 402 Operational Our Position We are not following the longevity movement. We are building [&hellip;]<\/p>\n","protected":false},"author":1,"featured_media":0,"parent":0,"menu_order":0,"comment_status":"closed","ping_status":"closed","template":"elementor_header_footer","meta":{"_acf_changed":false,"pmpro_default_level":"","footnotes":""},"class_list":["post-14317","page","type-page","status-publish","hentry","pmpro-level-required","pmpro-level-1","pmpro-level-3","pmpro-no-access"],"acf":[],"yoast_head":"<!-- This site is optimized with the Yoast SEO plugin v27.3 - https:\/\/yoast.com\/product\/yoast-seo-wordpress\/ -->\n<title>LHP | STORE - Longevity Health Plans<\/title>\n<meta name=\"robots\" content=\"index, follow, max-snippet:-1, max-image-preview:large, max-video-preview:-1\" \/>\n<link rel=\"canonical\" href=\"https:\/\/longevityhealthplans.com\/es\/tienda-lhp\/\" \/>\n<meta property=\"og:locale\" content=\"es_MX\" \/>\n<meta property=\"og:type\" content=\"article\" \/>\n<meta property=\"og:title\" content=\"LHP | STORE - Longevity Health Plans\" \/>\n<meta property=\"og:description\" content=\"PLATFORM_OVERVIEW: CLINICAL SUPPLY INFRASTRUCTURE Longevity Health Plans Is The Clinical Infrastructure Layer Behind Modern Patient Care Delivery A controlled system delivering consistent access to peptides, GLP therapies, and hormone based treatments built for reliability, precision, and clinical scale. System Status: Node 402 Operational Our Position We are not following the longevity movement. We are building [&hellip;]\" \/>\n<meta property=\"og:url\" content=\"https:\/\/longevityhealthplans.com\/es\/tienda-lhp\/\" \/>\n<meta property=\"og:site_name\" content=\"Longevity Health Plans\" \/>\n<meta property=\"article:modified_time\" content=\"2026-04-08T19:05:07+00:00\" \/>\n<meta name=\"twitter:card\" content=\"summary_large_image\" \/>\n<meta name=\"twitter:label1\" content=\"Tiempo de lectura\" \/>\n\t<meta name=\"twitter:data1\" content=\"1 minuto\" \/>\n<script type=\"application\/ld+json\" class=\"yoast-schema-graph\">{\"@context\":\"https:\\\/\\\/schema.org\",\"@graph\":[{\"@type\":\"WebPage\",\"@id\":\"https:\\\/\\\/longevityhealthplans.com\\\/lhp-store\\\/\",\"url\":\"https:\\\/\\\/longevityhealthplans.com\\\/lhp-store\\\/\",\"name\":\"LHP | STORE - Longevity Health Plans\",\"isPartOf\":{\"@id\":\"https:\\\/\\\/longevityhealthplans.com\\\/#website\"},\"datePublished\":\"2024-03-18T00:07:59+00:00\",\"dateModified\":\"2026-04-08T19:05:07+00:00\",\"breadcrumb\":{\"@id\":\"https:\\\/\\\/longevityhealthplans.com\\\/lhp-store\\\/#breadcrumb\"},\"inLanguage\":\"es\",\"potentialAction\":[{\"@type\":\"ReadAction\",\"target\":[\"https:\\\/\\\/longevityhealthplans.com\\\/lhp-store\\\/\"]}]},{\"@type\":\"BreadcrumbList\",\"@id\":\"https:\\\/\\\/longevityhealthplans.com\\\/lhp-store\\\/#breadcrumb\",\"itemListElement\":[{\"@type\":\"ListItem\",\"position\":1,\"name\":\"Home\",\"item\":\"https:\\\/\\\/longevityhealthplans.com\\\/\"},{\"@type\":\"ListItem\",\"position\":2,\"name\":\"LHP | STORE\"}]},{\"@type\":\"WebSite\",\"@id\":\"https:\\\/\\\/longevityhealthplans.com\\\/#website\",\"url\":\"https:\\\/\\\/longevityhealthplans.com\\\/\",\"name\":\"Longevity Health Plans\",\"description\":\"Longevity Healthcare: Empowering Your Journey to Optimal Wellness\",\"potentialAction\":[{\"@type\":\"SearchAction\",\"target\":{\"@type\":\"EntryPoint\",\"urlTemplate\":\"https:\\\/\\\/longevityhealthplans.com\\\/?s={search_term_string}\"},\"query-input\":{\"@type\":\"PropertyValueSpecification\",\"valueRequired\":true,\"valueName\":\"search_term_string\"}}],\"inLanguage\":\"es\"}]}<\/script>\n<!-- \/ Yoast SEO plugin. -->","yoast_head_json":{"title":"LHP | TIENDA - Longevity Health Plans","robots":{"index":"index","follow":"follow","max-snippet":"max-snippet:-1","max-image-preview":"max-image-preview:large","max-video-preview":"max-video-preview:-1"},"canonical":"https:\/\/longevityhealthplans.com\/es\/tienda-lhp\/","og_locale":"es_MX","og_type":"article","og_title":"LHP | STORE - Longevity Health Plans","og_description":"PLATFORM_OVERVIEW: CLINICAL SUPPLY INFRASTRUCTURE Longevity Health Plans Is The Clinical Infrastructure Layer Behind Modern Patient Care Delivery A controlled system delivering consistent access to peptides, GLP therapies, and hormone based treatments built for reliability, precision, and clinical scale. System Status: Node 402 Operational Our Position We are not following the longevity movement. We are building [&hellip;]","og_url":"https:\/\/longevityhealthplans.com\/es\/tienda-lhp\/","og_site_name":"Longevity Health Plans","article_modified_time":"2026-04-08T19:05:07+00:00","twitter_card":"summary_large_image","twitter_misc":{"Tiempo de lectura":"1 minuto"},"schema":{"@context":"https:\/\/schema.org","@graph":[{"@type":"WebPage","@id":"https:\/\/longevityhealthplans.com\/lhp-store\/","url":"https:\/\/longevityhealthplans.com\/lhp-store\/","name":"LHP | TIENDA - Longevity Health Plans","isPartOf":{"@id":"https:\/\/longevityhealthplans.com\/#website"},"datePublished":"2024-03-18T00:07:59+00:00","dateModified":"2026-04-08T19:05:07+00:00","breadcrumb":{"@id":"https:\/\/longevityhealthplans.com\/lhp-store\/#breadcrumb"},"inLanguage":"es","potentialAction":[{"@type":"ReadAction","target":["https:\/\/longevityhealthplans.com\/lhp-store\/"]}]},{"@type":"BreadcrumbList","@id":"https:\/\/longevityhealthplans.com\/lhp-store\/#breadcrumb","itemListElement":[{"@type":"ListItem","position":1,"name":"Home","item":"https:\/\/longevityhealthplans.com\/"},{"@type":"ListItem","position":2,"name":"LHP | STORE"}]},{"@type":"WebSite","@id":"https:\/\/longevityhealthplans.com\/#website","url":"https:\/\/longevityhealthplans.com\/","name":"Longevity Health Plans","description":"Longevity Healthcare: Potenciando tu viaje hacia el bienestar \u00f3ptimo","potentialAction":[{"@type":"SearchAction","target":{"@type":"EntryPoint","urlTemplate":"https:\/\/longevityhealthplans.com\/?s={search_term_string}"},"query-input":{"@type":"PropertyValueSpecification","valueRequired":true,"valueName":"search_term_string"}}],"inLanguage":"es"}]}},"_links":{"self":[{"href":"https:\/\/longevityhealthplans.com\/es\/wp-json\/wp\/v2\/pages\/14317","targetHints":{"allow":["GET"]}}],"collection":[{"href":"https:\/\/longevityhealthplans.com\/es\/wp-json\/wp\/v2\/pages"}],"about":[{"href":"https:\/\/longevityhealthplans.com\/es\/wp-json\/wp\/v2\/types\/page"}],"author":[{"embeddable":true,"href":"https:\/\/longevityhealthplans.com\/es\/wp-json\/wp\/v2\/users\/1"}],"replies":[{"embeddable":true,"href":"https:\/\/longevityhealthplans.com\/es\/wp-json\/wp\/v2\/comments?post=14317"}],"version-history":[{"count":163,"href":"https:\/\/longevityhealthplans.com\/es\/wp-json\/wp\/v2\/pages\/14317\/revisions"}],"predecessor-version":[{"id":24067,"href":"https:\/\/longevityhealthplans.com\/es\/wp-json\/wp\/v2\/pages\/14317\/revisions\/24067"}],"wp:attachment":[{"href":"https:\/\/longevityhealthplans.com\/es\/wp-json\/wp\/v2\/media?parent=14317"}],"curies":[{"name":"wp","href":"https:\/\/api.w.org\/{rel}","templated":true}]}}